{"id":130,"date":"2016-06-25T02:31:12","date_gmt":"2016-06-25T02:31:12","guid":{"rendered":"http:\/\/romulosouza.com.br\/blog\/?page_id=130"},"modified":"2025-12-09T00:14:01","modified_gmt":"2025-12-09T00:14:01","slug":"sobre","status":"publish","type":"page","link":"https:\/\/romulosouza.com.br\/blog\/sobre\/","title":{"rendered":"Sobre"},"content":{"rendered":"<p style=\"text-align: justify; padding-left: 90px;\"><span style=\"font-family: arial, helvetica, sans-serif; font-size: 10pt;\">Doutor em Letras pela Universidade de S\u00e3o Paulo (USP). Mestre em Lingu\u00edstica Aplicada pela Universidade Federal de Minas Gerais (UFMG). Especialista em Planejamento, Implementa\u00e7\u00e3o e Gest\u00e3o da EaD pela Universidade Federal Fluminense (UFF). Graduado em Letras &#8211; licenciatura plena em Portugu\u00eas e Italiano pela Universidade Federal de Minas Gerais (UFMG).<\/span><\/p>\n<p style=\"text-align: justify; padding-left: 90px;\"><span style=\"font-family: arial, helvetica, sans-serif; font-size: 10pt;\">Realizou est\u00e1gio p\u00f3s-doutoral junto \u00e0 Faculdade de Filosofia, Letras e Ci\u00eancias Humanas da USP entre 2015-2106 e 2016-2018, sendo o \u00faltimo com bolsa do Programa Nacional de P\u00f3s-doutorado da CAPES (PNPD\/CAPES)<\/span><\/p>\n<p style=\"text-align: justify; padding-left: 90px;\"><span style=\"font-family: arial, helvetica, sans-serif; font-size: 10pt;\">Possui experi\u00eancia nas seguintes \u00e1reas, em diversos n\u00edveis, nas modalidades presencial e a dist\u00e2ncia: l\u00edngua, literatura e cultura italianas; l\u00edngua portuguesa (como l\u00edngua materna e l\u00edngua estrangeira\/l\u00edngua de acolhimento); forma\u00e7\u00e3o de professores de idiomas; letramentos digitais; CALL (Computer Assisted Language Learning); design instrucional; EaD e produ\u00e7\u00e3o de material did\u00e1tico de idio<\/span><span style=\"font-family: arial, helvetica, sans-serif; font-size: 10pt;\">mas (incluindo l\u00edngua e literatura italianas).<\/span><a style=\"color: #0f3647;\" href=\"https:\/\/romulosouza.com.br\/blog\/wp-content\/uploads\/2025\/12\/WIN_20231123_11_49_49_Pro.remini-enhanced22.jpg\"><img decoding=\"async\" loading=\"lazy\" class=\"size-medium wp-image-468 alignright\" style=\"margin-top: 0.857143rem; margin-bottom: 0.857143rem; margin-left: 1.71429rem;\" src=\"https:\/\/romulosouza.com.br\/blog\/wp-content\/uploads\/2025\/12\/WIN_20231123_11_49_49_Pro.remini-enhanced22-259x300.jpg\" alt=\"\" width=\"259\" height=\"300\" srcset=\"https:\/\/romulosouza.com.br\/blog\/wp-content\/uploads\/2025\/12\/WIN_20231123_11_49_49_Pro.remini-enhanced22-259x300.jpg 259w, https:\/\/romulosouza.com.br\/blog\/wp-content\/uploads\/2025\/12\/WIN_20231123_11_49_49_Pro.remini-enhanced22-884x1024.jpg 884w, https:\/\/romulosouza.com.br\/blog\/wp-content\/uploads\/2025\/12\/WIN_20231123_11_49_49_Pro.remini-enhanced22-768x890.jpg 768w, https:\/\/romulosouza.com.br\/blog\/wp-content\/uploads\/2025\/12\/WIN_20231123_11_49_49_Pro.remini-enhanced22-1326x1536.jpg 1326w, https:\/\/romulosouza.com.br\/blog\/wp-content\/uploads\/2025\/12\/WIN_20231123_11_49_49_Pro.remini-enhanced22-624x723.jpg 624w, https:\/\/romulosouza.com.br\/blog\/wp-content\/uploads\/2025\/12\/WIN_20231123_11_49_49_Pro.remini-enhanced22-21x24.jpg 21w, https:\/\/romulosouza.com.br\/blog\/wp-content\/uploads\/2025\/12\/WIN_20231123_11_49_49_Pro.remini-enhanced22-31x36.jpg 31w, https:\/\/romulosouza.com.br\/blog\/wp-content\/uploads\/2025\/12\/WIN_20231123_11_49_49_Pro.remini-enhanced22-41x48.jpg 41w, https:\/\/romulosouza.com.br\/blog\/wp-content\/uploads\/2025\/12\/WIN_20231123_11_49_49_Pro.remini-enhanced22.jpg 1363w\" sizes=\"(max-width: 259px) 100vw, 259px\" \/><\/a><\/p>\n<p style=\"line-height: 1.71429; margin-bottom: 1.71429rem;\">\n<p style=\"padding-left: 90px; text-align: right;\"><span style=\"font-family: arial, helvetica, sans-serif; font-size: 10pt;\">Atualmente, \u00e9 residente p\u00f3s-doutoral no<\/span><span style=\"font-family: arial, helvetica, sans-serif; font-size: 10pt;\">\u00a0Centro Federal de Educa\u00e7\u00e3o Tecnol\u00f3gica <\/span><span style=\"font-family: arial, helvetica, sans-serif; font-size: 10pt;\">de Minas Gerais (CEFET-MG), junto ao programa de P\u00f3s-gradua\u00e7\u00e3o em Estudos de Linguagens (POSLING) e ao Programa Nacional de P\u00f3s-doutorado da CAPES (PNPD\/CAPES).<\/span><\/p>\n<p>&nbsp;<\/p>\n<p style=\"text-align: justify; padding-left: 90px;\"><span style=\"font-family: arial, helvetica, sans-serif; font-size: 10pt;\">Dedica-se a pesquisas sobre design de material did\u00e1tico de ensino e aprendizagem de idiomas na perspectiva da pedagogia p\u00f3s-m\u00e9todo (ou seja, design de materiais did\u00e1ticos de natureza virtual e livre); forma\u00e7\u00e3o de professores de idiomas na perspectiva da pedagogia pos-metodo; portugu\u00eas como l\u00edngua adicional e como l\u00edngua de acolhimento; e italiano como l\u00edngua adicional.<br \/>\n<\/span><\/p>\n<p style=\"padding-left: 90px;\"><span style=\"font-family: arial, helvetica, sans-serif; font-size: 10pt;\">Link para curr\u00edculo completo na plataforma Lattes \/ CNPQ: <a href=\"http:\/\/lattes.cnpq.br\/0483742976025388\" target=\"_blank\" rel=\"noopener\">http:\/\/lattes.cnpq.br\/0483742976025388 <\/a><\/span><\/p>\n<div style=\"padding-left: 90px;\"><span style=\"font-size: 10pt;\"><a style=\"vertical-align: top;\" href=\"https:\/\/orcid.org\/0000-0003-4102-9160\" target=\"orcid.widget\" rel=\"noopener noreferrer\"><img decoding=\"async\" style=\"width: 1em; margin-right: .5em;\" src=\"https:\/\/orcid.org\/sites\/default\/files\/images\/orcid_16x16.png\" alt=\"ORCID iD icon\" \/>orcid.org\/0000-0003-4102-9160<\/a><\/span><\/div>\n","protected":false},"excerpt":{"rendered":"<p>Doutor em Letras pela Universidade de S\u00e3o Paulo (USP). Mestre em Lingu\u00edstica Aplicada pela Universidade Federal de Minas Gerais (UFMG). Especialista em Planejamento, Implementa\u00e7\u00e3o e Gest\u00e3o da EaD pela Universidade Federal Fluminense (UFF). Graduado em Letras &#8211; licenciatura plena em Portugu\u00eas e Italiano pela Universidade Federal de Minas Gerais (UFMG). Realizou est\u00e1gio p\u00f3s-doutoral junto \u00e0 [&hellip;]<\/p>\n","protected":false},"author":1,"featured_media":0,"parent":0,"menu_order":0,"comment_status":"closed","ping_status":"closed","template":"page-templates\/front-page.php","meta":[],"_links":{"self":[{"href":"https:\/\/romulosouza.com.br\/blog\/wp-json\/wp\/v2\/pages\/130"}],"collection":[{"href":"https:\/\/romulosouza.com.br\/blog\/wp-json\/wp\/v2\/pages"}],"about":[{"href":"https:\/\/romulosouza.com.br\/blog\/wp-json\/wp\/v2\/types\/page"}],"author":[{"embeddable":true,"href":"https:\/\/romulosouza.com.br\/blog\/wp-json\/wp\/v2\/users\/1"}],"replies":[{"embeddable":true,"href":"https:\/\/romulosouza.com.br\/blog\/wp-json\/wp\/v2\/comments?post=130"}],"version-history":[{"count":21,"href":"https:\/\/romulosouza.com.br\/blog\/wp-json\/wp\/v2\/pages\/130\/revisions"}],"predecessor-version":[{"id":469,"href":"https:\/\/romulosouza.com.br\/blog\/wp-json\/wp\/v2\/pages\/130\/revisions\/469"}],"wp:attachment":[{"href":"https:\/\/romulosouza.com.br\/blog\/wp-json\/wp\/v2\/media?parent=130"}],"curies":[{"name":"wp","href":"https:\/\/api.w.org\/{rel}","templated":true}]}}