{"id":432,"date":"2021-11-09T19:32:31","date_gmt":"2021-11-09T19:32:31","guid":{"rendered":"https:\/\/romulosouza.com.br\/blog\/?page_id=432"},"modified":"2021-12-06T12:45:11","modified_gmt":"2021-12-06T12:45:11","slug":"na-midia-2","status":"publish","type":"page","link":"https:\/\/romulosouza.com.br\/blog\/na-midia-2\/","title":{"rendered":"Na m\u00eddia"},"content":{"rendered":"<p><a href=\"https:\/\/romulosouza.com.br\/blog\/wp-content\/uploads\/2020\/12\/agen20160126_a-1-e1608988998537.jpeg\"><img decoding=\"async\" loading=\"lazy\" class=\"size-full wp-image-395 alignleft\" src=\"https:\/\/romulosouza.com.br\/blog\/wp-content\/uploads\/2020\/12\/agen20160126_a-1-e1608988998537.jpeg\" alt=\"\" width=\"150\" height=\"130\" srcset=\"https:\/\/romulosouza.com.br\/blog\/wp-content\/uploads\/2020\/12\/agen20160126_a-1-e1608988998537.jpeg 150w, https:\/\/romulosouza.com.br\/blog\/wp-content\/uploads\/2020\/12\/agen20160126_a-1-e1608988998537-24x21.jpeg 24w, https:\/\/romulosouza.com.br\/blog\/wp-content\/uploads\/2020\/12\/agen20160126_a-1-e1608988998537-36x31.jpeg 36w, https:\/\/romulosouza.com.br\/blog\/wp-content\/uploads\/2020\/12\/agen20160126_a-1-e1608988998537-48x42.jpeg 48w\" sizes=\"(max-width: 150px) 100vw, 150px\" \/><\/a><span style=\"font-size: 10pt;\"><a href=\"http:\/\/www.usp.br\/agen\/?p=226662\" target=\"_blank\" rel=\"noopener\">Estudo analisa o uso de material did\u00e1tico virtual e livre (Ag\u00eancia USP de not\u00edcias)<\/a><\/span><\/p>\n<p style=\"padding-left: 80px;\"><span style=\"font-size: 10pt;\"><a href=\"https:\/\/jornal.usp.br\/ciencias\/ciencias-humanas\/plataforma-virtual-compartilhada-vai-ajudar-no-ensino-de-italiano\/\" target=\"_blank\" rel=\"noopener\">Plataforma virtual compartilhada vai ajudar no ensino de italiano (Jornal da USP)<\/a><\/span><\/p>\n<p style=\"padding-left: 80px;\"><span style=\"font-size: 10pt;\"><a href=\"https:\/\/www.cefetmg.br\/noticias\/pesquisa-busca-facilitar-com-didatica-flexivel-ensino-de-portugues-a-migrantes\/\" target=\"_blank\" rel=\"noopener\">Pesquisa busca facilitar com did\u00e1tica flex\u00edvel ensino de portugu\u00eas a migrantes (CEFET-MG not\u00edcias)<\/a><\/span><\/p>\n<p style=\"padding-left: 80px;\"><a href=\"https:\/\/www.cefetmg.br\/noticias\/disciplina-de-lingua-e-cultura-italiana-e-ofertada-para-alunos-da-graduacao\/\" target=\"_blank\" rel=\"noopener\"><span style=\"font-size: 8pt;\"><span style=\"font-size: 10pt;\">Disciplina de l\u00edngua e cultura italiana \u00e9 ofertada para alunos da gradua\u00e7\u00e3o (CEFET-MG not\u00edcias)<\/span><\/span><\/a><\/p>\n","protected":false},"excerpt":{"rendered":"<p>Estudo analisa o uso de material did\u00e1tico virtual e livre (Ag\u00eancia USP de not\u00edcias) Plataforma virtual compartilhada vai ajudar no ensino de italiano (Jornal da USP) Pesquisa busca facilitar com did\u00e1tica flex\u00edvel ensino de portugu\u00eas a migrantes (CEFET-MG not\u00edcias) Disciplina de l\u00edngua e cultura italiana \u00e9 ofertada para alunos da gradua\u00e7\u00e3o (CEFET-MG not\u00edcias)<\/p>\n","protected":false},"author":1,"featured_media":0,"parent":0,"menu_order":0,"comment_status":"closed","ping_status":"closed","template":"page-templates\/front-page.php","meta":[],"_links":{"self":[{"href":"https:\/\/romulosouza.com.br\/blog\/wp-json\/wp\/v2\/pages\/432"}],"collection":[{"href":"https:\/\/romulosouza.com.br\/blog\/wp-json\/wp\/v2\/pages"}],"about":[{"href":"https:\/\/romulosouza.com.br\/blog\/wp-json\/wp\/v2\/types\/page"}],"author":[{"embeddable":true,"href":"https:\/\/romulosouza.com.br\/blog\/wp-json\/wp\/v2\/users\/1"}],"replies":[{"embeddable":true,"href":"https:\/\/romulosouza.com.br\/blog\/wp-json\/wp\/v2\/comments?post=432"}],"version-history":[{"count":9,"href":"https:\/\/romulosouza.com.br\/blog\/wp-json\/wp\/v2\/pages\/432\/revisions"}],"predecessor-version":[{"id":460,"href":"https:\/\/romulosouza.com.br\/blog\/wp-json\/wp\/v2\/pages\/432\/revisions\/460"}],"wp:attachment":[{"href":"https:\/\/romulosouza.com.br\/blog\/wp-json\/wp\/v2\/media?parent=432"}],"curies":[{"name":"wp","href":"https:\/\/api.w.org\/{rel}","templated":true}]}}